{"id":595,"date":"2024-08-09T16:40:57","date_gmt":"2024-08-09T16:40:57","guid":{"rendered":"https:\/\/global.zipywork.xyz\/?page_id=595"},"modified":"2025-02-13T15:49:02","modified_gmt":"2025-02-13T10:19:02","slug":"alojamiento-nodejs","status":"publish","type":"page","link":"https:\/\/www.myglobalhost.net\/es\/nodejs-hosting\/","title":{"rendered":"Alojamiento NodeJS"},"content":{"rendered":"<p>Alojamiento de Node.js m\u00e1s f\u00e1cil: implantaci\u00f3n con un solo clic<\/p>","protected":false},"excerpt":{"rendered":"<p>El mejor alojamiento barato de Node.js en la India<\/p>","protected":false},"author":1,"featured_media":0,"parent":0,"menu_order":0,"comment_status":"closed","ping_status":"closed","template":"","meta":{"_acf_changed":false,"footnotes":""},"class_list":["post-595","page","type-page","status-publish","hentry"],"acf":[],"_links":{"self":[{"href":"https:\/\/www.myglobalhost.net\/es\/wp-json\/wp\/v2\/pages\/595","targetHints":{"allow":["GET"]}}],"collection":[{"href":"https:\/\/www.myglobalhost.net\/es\/wp-json\/wp\/v2\/pages"}],"about":[{"href":"https:\/\/www.myglobalhost.net\/es\/wp-json\/wp\/v2\/types\/page"}],"author":[{"embeddable":true,"href":"https:\/\/www.myglobalhost.net\/es\/wp-json\/wp\/v2\/users\/1"}],"replies":[{"embeddable":true,"href":"https:\/\/www.myglobalhost.net\/es\/wp-json\/wp\/v2\/comments?post=595"}],"version-history":[{"count":0,"href":"https:\/\/www.myglobalhost.net\/es\/wp-json\/wp\/v2\/pages\/595\/revisions"}],"wp:attachment":[{"href":"https:\/\/www.myglobalhost.net\/es\/wp-json\/wp\/v2\/media?parent=595"}],"curies":[{"name":"wp","href":"https:\/\/api.w.org\/{rel}","templated":true}]}}