{"id":3049,"date":"2024-10-09T13:01:30","date_gmt":"2024-10-09T07:31:30","guid":{"rendered":"https:\/\/www.myglobalhost.in\/?page_id=3049"},"modified":"2025-02-13T13:25:03","modified_gmt":"2025-02-13T07:55:03","slug":"meilleur-hebergement-wordpress","status":"publish","type":"page","link":"https:\/\/www.myglobalhost.net\/fr\/wordpress-hosting\/best-wordpress-hosting\/","title":{"rendered":"Meilleur h\u00e9bergement WordPress"},"content":{"rendered":"<p>Pourquoi choisir MyGlobalHOST pour votre meilleur h\u00e9bergement WordPress ?<\/p>","protected":false},"excerpt":{"rendered":"<p>Plans d'h\u00e9bergement WordPress bon march\u00e9 - \u00e0 partir de seulement \u20b954\/Mois<\/p>","protected":false},"author":1,"featured_media":0,"parent":526,"menu_order":0,"comment_status":"closed","ping_status":"closed","template":"","meta":{"_acf_changed":false,"footnotes":""},"class_list":["post-3049","page","type-page","status-publish","hentry"],"acf":[],"_links":{"self":[{"href":"https:\/\/www.myglobalhost.net\/fr\/wp-json\/wp\/v2\/pages\/3049","targetHints":{"allow":["GET"]}}],"collection":[{"href":"https:\/\/www.myglobalhost.net\/fr\/wp-json\/wp\/v2\/pages"}],"about":[{"href":"https:\/\/www.myglobalhost.net\/fr\/wp-json\/wp\/v2\/types\/page"}],"author":[{"embeddable":true,"href":"https:\/\/www.myglobalhost.net\/fr\/wp-json\/wp\/v2\/users\/1"}],"replies":[{"embeddable":true,"href":"https:\/\/www.myglobalhost.net\/fr\/wp-json\/wp\/v2\/comments?post=3049"}],"version-history":[{"count":0,"href":"https:\/\/www.myglobalhost.net\/fr\/wp-json\/wp\/v2\/pages\/3049\/revisions"}],"up":[{"embeddable":true,"href":"https:\/\/www.myglobalhost.net\/fr\/wp-json\/wp\/v2\/pages\/526"}],"wp:attachment":[{"href":"https:\/\/www.myglobalhost.net\/fr\/wp-json\/wp\/v2\/media?parent=3049"}],"curies":[{"name":"wp","href":"https:\/\/api.w.org\/{rel}","templated":true}]}}